{"id":72,"date":"2021-07-22T06:04:13","date_gmt":"2021-07-22T04:04:13","guid":{"rendered":"https:\/\/crhun.hu\/?page_id=72"},"modified":"2021-07-23T10:26:17","modified_gmt":"2021-07-23T08:26:17","slug":"hajok","status":"publish","type":"page","link":"http:\/\/crhun.hu\/en\/hajok\/","title":{"rendered":"Boats"},"content":{"rendered":"<p>[et_pb_section fb_built=&#8221;1&#8243; admin_label=&#8221;Header Section&#8221; _builder_version=&#8221;4.9.10&#8243; background_color=&#8221;#132537&#8243; background_enable_image=&#8221;off&#8221; custom_padding=&#8221;10%||12%|||&#8221; animation_style=&#8221;fade&#8221;][et_pb_row custom_padding_last_edited=&#8221;off|desktop&#8221; admin_label=&#8221;Header Row&#8221; _builder_version=&#8221;3.25&#8243; custom_margin=&#8221;|||&#8221; custom_padding=&#8221;|||&#8221; custom_padding_phone=&#8221;3vw|||&#8221;][et_pb_column type=&#8221;4_4&#8243; _builder_version=&#8221;3.25&#8243; custom_padding=&#8221;|||&#8221; custom_padding__hover=&#8221;|||&#8221;][et_pb_text admin_label=&#8221;Heading &#038; Subheading&#8221; _builder_version=&#8221;4.9.10&#8243; text_font=&#8221;Montserrat|600|||||||&#8221; text_text_color=&#8221;#FFFFFF&#8221; text_font_size=&#8221;16px&#8221; text_line_height=&#8221;1.8em&#8221; header_font=&#8221;Titillium Web|600|||||||&#8221; header_text_color=&#8221;#FFFFFF&#8221; header_font_size=&#8221;65px&#8221; header_line_height=&#8221;1.4em&#8221; header_2_font=&#8221;||||||||&#8221; text_orientation=&#8221;center&#8221; max_width=&#8221;800px&#8221; max_width_last_edited=&#8221;off|desktop&#8221; module_alignment=&#8221;center&#8221; custom_margin=&#8221;|||&#8221; custom_padding=&#8221;|||&#8221; custom_padding_last_edited=&#8221;off|desktop&#8221; animation_style=&#8221;fade&#8221; text_font_size_tablet=&#8221;&#8221; text_font_size_phone=&#8221;22px&#8221; text_font_size_last_edited=&#8221;on|phone&#8221; header_font_size_tablet=&#8221;50px&#8221; header_font_size_phone=&#8221;48px&#8221; header_font_size_last_edited=&#8221;on|phone&#8221;]<\/p>\n<h1>Coming Soon. <\/h1>\n<p>Soon we will present the boats for the 2021 season.<\/p>\n<p>[\/et_pb_text][\/et_pb_column][\/et_pb_row][\/et_pb_section][et_pb_section fb_built=&#8221;1&#8243; _builder_version=&#8221;4.9.10&#8243; _module_preset=&#8221;default&#8221; background_image=&#8221;https:\/\/crhun.hu\/wp-content\/uploads\/2021\/07\/Photo-by-Kellie-Churchman-from-Pexels_website.jpg&#8221; background_position=&#8221;bottom_center&#8221; hover_enabled=&#8221;0&#8243; sticky_enabled=&#8221;0&#8243;][et_pb_row _builder_version=&#8221;4.9.10&#8243; _module_preset=&#8221;default&#8221;][et_pb_column type=&#8221;4_4&#8243; _builder_version=&#8221;4.9.10&#8243; _module_preset=&#8221;default&#8221;][et_pb_signup mailchimp_list=&#8221;crhun|02dcff6ec3&#8243; first_name_fullwidth=&#8221;off&#8221; last_name_fullwidth=&#8221;off&#8221; success_message=&#8221;Sikeresen feliratkozt\u00e1l! &#8221; title=&#8221;H\u00edrlev\u00e9l&#8221; button_text=&#8221;Feliratkozom a h\u00edrlev\u00e9lre&#8221; description=&#8221;<\/p>\n<h4><strong>Don't miss the virtual presentations either!<\/strong><\/h4>\n<p>Competitions, events, shows, news all in one place.<\/p>\n<p>&#8221; _builder_version=&#8221;4.9.10&#8243; _module_preset=&#8221;default&#8221; header_font=&#8221;Titillium Web|700|||||||&#8221; header_font_size=&#8221;49px&#8221; background_color=&#8221;#132537&#8243; custom_button=&#8221;on&#8221; button_text_color=&#8221;#FFFFFF&#8221; button_bg_color=&#8221;#1BB391&#8243; button_bg_color_gradient_start=&#8221;#1bb391&#8243; button_border_color=&#8221;#1BB391&#8243; button_font=&#8221;Montserrat|600|||||||&#8221; hover_enabled=&#8221;0&#8243; header_font_size_tablet=&#8221;50px&#8221; header_font_size_phone=&#8221;&#8221; header_font_size_last_edited=&#8221;on|phone&#8221; button_text_size_tablet=&#8221;16px&#8221; button_text_size_phone=&#8221;&#8221; button_text_size_last_edited=&#8221;on|phone&#8221; sticky_enabled=&#8221;0&#8243; header_line_height=&#8221;1.4em&#8221; body_line_height=&#8221;1.8em&#8221; body_font_size_last_edited=&#8221;on|desktop&#8221;][\/et_pb_signup][\/et_pb_column][\/et_pb_row][\/et_pb_section]<\/p>","protected":false},"excerpt":{"rendered":"<p>Coming Soon. Hamarosan bemutatjuk a 2021. szezon haj\u00f3it. H\u00edrlev\u00e9lNe maradj le a virtu\u00e1lis bemutat\u00f3kr\u00f3l sem! Versenyek, esem\u00e9nyek, bemutat\u00f3k, h\u00edrek egy helyen. Sikeresen feliratkozt\u00e1l! First Name Last Name Email Feliratkozom a h\u00edrlev\u00e9lre<\/p>","protected":false},"author":1,"featured_media":0,"parent":0,"menu_order":0,"comment_status":"closed","ping_status":"closed","template":"","meta":{"_et_pb_use_builder":"on","_et_pb_old_content":"<!-- wp:divi\/placeholder \/-->","_et_gb_content_width":""},"_links":{"self":[{"href":"http:\/\/crhun.hu\/en\/wp-json\/wp\/v2\/pages\/72"}],"collection":[{"href":"http:\/\/crhun.hu\/en\/wp-json\/wp\/v2\/pages"}],"about":[{"href":"http:\/\/crhun.hu\/en\/wp-json\/wp\/v2\/types\/page"}],"author":[{"embeddable":true,"href":"http:\/\/crhun.hu\/en\/wp-json\/wp\/v2\/users\/1"}],"replies":[{"embeddable":true,"href":"http:\/\/crhun.hu\/en\/wp-json\/wp\/v2\/comments?post=72"}],"version-history":[{"count":11,"href":"http:\/\/crhun.hu\/en\/wp-json\/wp\/v2\/pages\/72\/revisions"}],"predecessor-version":[{"id":393,"href":"http:\/\/crhun.hu\/en\/wp-json\/wp\/v2\/pages\/72\/revisions\/393"}],"wp:attachment":[{"href":"http:\/\/crhun.hu\/en\/wp-json\/wp\/v2\/media?parent=72"}],"curies":[{"name":"wp","href":"https:\/\/api.w.org\/{rel}","templated":true}]}}