{"id":80,"date":"2021-07-22T06:07:40","date_gmt":"2021-07-22T04:07:40","guid":{"rendered":"https:\/\/crhun.hu\/?page_id=80"},"modified":"2021-07-22T08:46:36","modified_gmt":"2021-07-22T06:46:36","slug":"adatkezelesi-tajekoztato","status":"publish","type":"page","link":"http:\/\/crhun.hu\/en\/adatkezelesi-tajekoztato\/","title":{"rendered":"Adatkezel\u00e9si T\u00e1j\u00e9koztat\u00f3"},"content":{"rendered":"<p>[et_pb_section fb_built=&#8221;1&#8243; admin_label=&#8221;Header Section&#8221; _builder_version=&#8221;4.9.10&#8243; use_background_color_gradient=&#8221;on&#8221; background_color_gradient_start=&#8221;rgba(0,0,0,0)&#8221; background_color_gradient_end=&#8221;#132537&#8243; background_color_gradient_overlays_image=&#8221;on&#8221; background_image=&#8221;https:\/\/crhun.hu\/wp-content\/uploads\/2021\/07\/Photo-by-Enrique-Hoyos-from-Pexels_webiste.jpg&#8221; custom_padding=&#8221;10%||9.4%|||&#8221; hover_enabled=&#8221;0&#8243; title_text=&#8221;Photo-by-Enrique-Hoyos-from-Pexels_webiste&#8221; sticky_enabled=&#8221;0&#8243; animation_style=&#8221;fade&#8221;][et_pb_row custom_padding_last_edited=&#8221;off|desktop&#8221; admin_label=&#8221;Header Row&#8221; _builder_version=&#8221;3.25&#8243; custom_margin=&#8221;|||&#8221; custom_padding=&#8221;|||&#8221; custom_padding_phone=&#8221;3vw|||&#8221;][et_pb_column type=&#8221;4_4&#8243; _builder_version=&#8221;3.25&#8243; custom_padding=&#8221;|||&#8221; custom_padding__hover=&#8221;|||&#8221;][et_pb_text admin_label=&#8221;Heading &#038; Subheading&#8221; _builder_version=&#8221;4.9.10&#8243; text_font=&#8221;Muli|600|||||||&#8221; text_font_size=&#8221;18px&#8221; text_line_height=&#8221;1.8em&#8221; header_font=&#8221;Titillium Web|600|||||||&#8221; header_font_size=&#8221;65px&#8221; header_line_height=&#8221;1.4em&#8221; header_2_font=&#8221;||||||||&#8221; text_orientation=&#8221;center&#8221; max_width=&#8221;800px&#8221; max_width_last_edited=&#8221;off|desktop&#8221; module_alignment=&#8221;center&#8221; custom_margin=&#8221;|||&#8221; custom_padding=&#8221;|||&#8221; custom_padding_last_edited=&#8221;off|desktop&#8221; animation_style=&#8221;fade&#8221; hover_enabled=&#8221;0&#8243; header_text_color=&#8221;#FFFFFF&#8221; sticky_enabled=&#8221;0&#8243; header_font_size_last_edited=&#8221;on|phone&#8221; header_font_size_phone=&#8221;55px&#8221;]<\/p>\n<h1>Adatkezel\u00e9si T\u00e1j\u00e9koztat\u00f3<\/h1>\n<p>&nbsp;<\/p>\n<p>[\/et_pb_text][et_pb_button button_text=&#8221;Adatkezel\u00e9si t\u00e1j\u00e9koztat\u00f3 let\u00f6lt\u00e9se&#8221; _builder_version=&#8221;4.9.10&#8243; _module_preset=&#8221;default&#8221; button_alignment=&#8221;center&#8221; custom_button=&#8221;on&#8221; button_text_size=&#8221;16px&#8221; button_text_color=&#8221;#1BB391&#8243; button_border_width=&#8221;3px&#8221; button_border_color=&#8221;#1BB391&#8243; button_border_radius=&#8221;6px&#8221; button_font=&#8221;Montserrat|700|||||||&#8221; button_icon=&#8221;%%20%%&#8221; hover_enabled=&#8221;0&#8243; sticky_enabled=&#8221;0&#8243; button_text_size_last_edited=&#8221;on|desktop&#8221; button_text_size_phone=&#8221;14px&#8221;][\/et_pb_button][\/et_pb_column][\/et_pb_row][\/et_pb_section]<\/p>","protected":false},"excerpt":{"rendered":"<p>Adatkezel\u00e9si T\u00e1j\u00e9koztat\u00f3 &nbsp; Adatkezel\u00e9si t\u00e1j\u00e9koztat\u00f3 let\u00f6lt\u00e9se<\/p>","protected":false},"author":1,"featured_media":0,"parent":0,"menu_order":0,"comment_status":"closed","ping_status":"closed","template":"","meta":{"_et_pb_use_builder":"on","_et_pb_old_content":"","_et_gb_content_width":""},"_links":{"self":[{"href":"http:\/\/crhun.hu\/en\/wp-json\/wp\/v2\/pages\/80"}],"collection":[{"href":"http:\/\/crhun.hu\/en\/wp-json\/wp\/v2\/pages"}],"about":[{"href":"http:\/\/crhun.hu\/en\/wp-json\/wp\/v2\/types\/page"}],"author":[{"embeddable":true,"href":"http:\/\/crhun.hu\/en\/wp-json\/wp\/v2\/users\/1"}],"replies":[{"embeddable":true,"href":"http:\/\/crhun.hu\/en\/wp-json\/wp\/v2\/comments?post=80"}],"version-history":[{"count":5,"href":"http:\/\/crhun.hu\/en\/wp-json\/wp\/v2\/pages\/80\/revisions"}],"predecessor-version":[{"id":141,"href":"http:\/\/crhun.hu\/en\/wp-json\/wp\/v2\/pages\/80\/revisions\/141"}],"wp:attachment":[{"href":"http:\/\/crhun.hu\/en\/wp-json\/wp\/v2\/media?parent=80"}],"curies":[{"name":"wp","href":"https:\/\/api.w.org\/{rel}","templated":true}]}}